{"id":3899,"date":"2025-03-10T13:44:06","date_gmt":"2025-03-10T13:44:06","guid":{"rendered":"https:\/\/www.fingerverk.se\/fingerverk\/?page_id=3899"},"modified":"2025-04-02T10:39:05","modified_gmt":"2025-04-02T10:39:05","slug":"stotta-mig","status":"publish","type":"page","link":"https:\/\/www.fingerverk.se\/fingerverk\/stotta-mig\/","title":{"rendered":"St\u00f6tta mig"},"content":{"rendered":"<p>Kulturarbete genererar inte mycket pengar, \u00e5tminstone inte i b\u00f6rjan av karri\u00e4ren. Vill du hj\u00e4lpa mig att n\u00e5 min dr\u00f6m?<\/p>\n<h3>H\u00e4r \u00e4r n\u00e5gra f\u00f6rslag p\u00e5 vad du kan g\u00f6ra.<\/h3>\n<ul>\n<li>Lyssna p\u00e5 <a href=\"https:\/\/open.spotify.com\/artist\/5TFCPmSUslFOqw4CuieCIr?si=gUqYiAaATHW5bQuBmtlEjQ\">min musik<\/a> och sprid till andra att den finns.<\/li>\n<li>Vill du h\u00f6ra mig live? Tipsa konsert- och festivalarrang\u00f6rer eller boka mig till ett privat evenemang.<\/li>\n<li>Donera till min crowdfundingkampanj p\u00e5\u00a0<a href=\"https:\/\/www.musicarry.com\/carolina-magdalena\/\">Musicarry<\/a>.<\/li>\n<li>K\u00e4nner du till n\u00e5got relevant stipendium eller bidrag? Nominera mig!<\/li>\n<li><a href=\"https:\/\/skap.se\/om-skap\/priser-stipendier\/\">H\u00e4r<\/a> kan du tipsa Skap om mig.<\/li>\n<li>Tipsa tidningar och andra medier om min musik. Jag st\u00e4ller g\u00e4rna upp p\u00e5 intervju.<\/li>\n<\/ul>\n<p>Kontakt: fingerverk@outlook.com<\/p>\n<p>&nbsp;<\/p>\n<p>&nbsp;<\/p>\n<p>&nbsp;<\/p>\n","protected":false},"excerpt":{"rendered":"<p>Kulturarbete genererar inte mycket pengar, \u00e5tminstone inte i b\u00f6rjan av karri\u00e4ren. Vill du hj\u00e4lpa mig att n\u00e5 min dr\u00f6m? H\u00e4r \u00e4r n\u00e5gra f\u00f6rslag p\u00e5 vad du kan g\u00f6ra. Lyssna p\u00e5 min musik och sprid till andra att den finns. Vill du h\u00f6ra mig live? Tipsa konsert- och festivalarrang\u00f6rer eller boka mig till ett privat evenemang.&hellip; <a class=\"more-link\" href=\"https:\/\/www.fingerverk.se\/fingerverk\/stotta-mig\/\">L\u00e4s mer <span class=\"screen-reader-text\">St\u00f6tta mig<\/span><\/a><\/p>\n","protected":false},"author":1,"featured_media":0,"parent":0,"menu_order":0,"comment_status":"closed","ping_status":"closed","template":"","meta":{"footnotes":""},"class_list":["post-3899","page","type-page","status-publish","hentry"],"_links":{"self":[{"href":"https:\/\/www.fingerverk.se\/fingerverk\/wp-json\/wp\/v2\/pages\/3899"}],"collection":[{"href":"https:\/\/www.fingerverk.se\/fingerverk\/wp-json\/wp\/v2\/pages"}],"about":[{"href":"https:\/\/www.fingerverk.se\/fingerverk\/wp-json\/wp\/v2\/types\/page"}],"author":[{"embeddable":true,"href":"https:\/\/www.fingerverk.se\/fingerverk\/wp-json\/wp\/v2\/users\/1"}],"replies":[{"embeddable":true,"href":"https:\/\/www.fingerverk.se\/fingerverk\/wp-json\/wp\/v2\/comments?post=3899"}],"version-history":[{"count":5,"href":"https:\/\/www.fingerverk.se\/fingerverk\/wp-json\/wp\/v2\/pages\/3899\/revisions"}],"predecessor-version":[{"id":3906,"href":"https:\/\/www.fingerverk.se\/fingerverk\/wp-json\/wp\/v2\/pages\/3899\/revisions\/3906"}],"wp:attachment":[{"href":"https:\/\/www.fingerverk.se\/fingerverk\/wp-json\/wp\/v2\/media?parent=3899"}],"curies":[{"name":"wp","href":"https:\/\/api.w.org\/{rel}","templated":true}]}}