{"id":3890,"date":"2025-03-09T08:44:26","date_gmt":"2025-03-09T08:44:26","guid":{"rendered":"https:\/\/www.fingerverk.se\/fingerverk\/?page_id=3890"},"modified":"2025-08-26T14:41:06","modified_gmt":"2025-08-26T14:41:06","slug":"press","status":"publish","type":"page","link":"https:\/\/www.fingerverk.se\/fingerverk\/press\/","title":{"rendered":"Press"},"content":{"rendered":"<h2>Livemusik<\/h2>\n<p>Tillsammans med sina musiker tar den v\u00e4rml\u00e4ndska l\u00e5tskrivaren och s\u00e5ngerskan Carolina Magdalena med publiken in i gr\u00e4nslandet mellan folkmusik, pop, visa och jazz. H\u00e4r finns klimatet, l\u00e4ngtan och k\u00e4rleken st\u00e4ndigt n\u00e4rvarande, liksom sorgen och det kollektiva motst\u00e5ndet. Ackompanjerad av bland annat improvisatoriskt trumpetspel och innerliga dragspelstoner sjunger Carolina Magdalena texterna som vill f\u00f6r\u00e4ndra v\u00e4rlden.<span class=\"Apple-converted-space\">\u00a0<\/span><\/p>\n<p>Den 21 mars 2025 sl\u00e4pptes hennes debutalbum K\u00e4rlek &amp; Vrede.<\/p>\n<p><a href=\"https:\/\/www.instagram.com\/fingerverk\/\">Instagram<\/a><\/p>\n<p><a href=\"https:\/\/www.facebook.com\/fingerverk\/\">Facebook<\/a><\/p>\n<p><a href=\"https:\/\/open.spotify.com\/artist\/5TFCPmSUslFOqw4CuieCIr?si=F6v3M-05RJ-B-4NCEALkvQ\">Spotify<\/a><\/p>\n<p>Bokning: fingerverk@outlook.com<\/p>\n<p>&nbsp;<\/p>\n<p><b>Tidigare spelningar, urval:<\/b><\/p>\n<p>Tuborgsslottet, Malm\u00f6 23 november 2024<\/p>\n<p>Sydsk\u00e5nska nationen, Lund 24 januari 2025<\/p>\n<p>Feministisk festival, Malm\u00f6 1 mars 2025<\/p>\n<p>Overshootfestivalen, Malm\u00f6 29 maj 2025<\/p>\n<p>Bakg\u00e5rden, Karlstad 5 juli 2025<\/p>\n<p>V\u00e4se kyrka, Karlstad 10 augusti 2025<\/p>\n<p>&nbsp;<\/p>\n<p>Bild 1-7: fr\u00e5n spelningen p\u00e5 Bakg\u00e5rden i Karlstad. Med Tova Ling Starrin (bas och s\u00e5ng), Morgan Eriksson (piano och s\u00e5ng), Daniel Jacobsson (mandolin, fiol och gitarrer). Fotograf: Johan Carlberg.<\/p>\n<p><a href=\"https:\/\/www.fingerverk.se\/fingerverk\/wp-content\/uploads\/2025\/08\/FD8FDA0F-61B9-499E-8977-98E6EDA4104C-scaled.jpeg\"><img loading=\"lazy\" decoding=\"async\" class=\"alignnone size-full wp-image-3938\" src=\"https:\/\/www.fingerverk.se\/fingerverk\/wp-content\/uploads\/2025\/08\/FD8FDA0F-61B9-499E-8977-98E6EDA4104C-scaled.jpeg\" alt=\"\" width=\"2560\" height=\"1707\" srcset=\"https:\/\/www.fingerverk.se\/fingerverk\/wp-content\/uploads\/2025\/08\/FD8FDA0F-61B9-499E-8977-98E6EDA4104C-scaled.jpeg 2560w, https:\/\/www.fingerverk.se\/fingerverk\/wp-content\/uploads\/2025\/08\/FD8FDA0F-61B9-499E-8977-98E6EDA4104C-300x200.jpeg 300w, https:\/\/www.fingerverk.se\/fingerverk\/wp-content\/uploads\/2025\/08\/FD8FDA0F-61B9-499E-8977-98E6EDA4104C-1024x683.jpeg 1024w, https:\/\/www.fingerverk.se\/fingerverk\/wp-content\/uploads\/2025\/08\/FD8FDA0F-61B9-499E-8977-98E6EDA4104C-768x512.jpeg 768w, https:\/\/www.fingerverk.se\/fingerverk\/wp-content\/uploads\/2025\/08\/FD8FDA0F-61B9-499E-8977-98E6EDA4104C-1536x1024.jpeg 1536w, https:\/\/www.fingerverk.se\/fingerverk\/wp-content\/uploads\/2025\/08\/FD8FDA0F-61B9-499E-8977-98E6EDA4104C-2048x1365.jpeg 2048w, https:\/\/www.fingerverk.se\/fingerverk\/wp-content\/uploads\/2025\/08\/FD8FDA0F-61B9-499E-8977-98E6EDA4104C-480x320.jpeg 480w, https:\/\/www.fingerverk.se\/fingerverk\/wp-content\/uploads\/2025\/08\/FD8FDA0F-61B9-499E-8977-98E6EDA4104C-450x300.jpeg 450w\" sizes=\"(max-width: 2560px) 100vw, 2560px\" \/><\/a><\/p>\n<p><a href=\"https:\/\/www.fingerverk.se\/fingerverk\/wp-content\/uploads\/2025\/08\/01E2E7CF-B959-4C13-B421-722F1623562D-scaled.jpeg\"><img loading=\"lazy\" decoding=\"async\" class=\"alignnone size-full wp-image-3950\" src=\"https:\/\/www.fingerverk.se\/fingerverk\/wp-content\/uploads\/2025\/08\/01E2E7CF-B959-4C13-B421-722F1623562D-scaled.jpeg\" alt=\"\" width=\"2560\" height=\"1707\" srcset=\"https:\/\/www.fingerverk.se\/fingerverk\/wp-content\/uploads\/2025\/08\/01E2E7CF-B959-4C13-B421-722F1623562D-scaled.jpeg 2560w, https:\/\/www.fingerverk.se\/fingerverk\/wp-content\/uploads\/2025\/08\/01E2E7CF-B959-4C13-B421-722F1623562D-300x200.jpeg 300w, https:\/\/www.fingerverk.se\/fingerverk\/wp-content\/uploads\/2025\/08\/01E2E7CF-B959-4C13-B421-722F1623562D-1024x683.jpeg 1024w, https:\/\/www.fingerverk.se\/fingerverk\/wp-content\/uploads\/2025\/08\/01E2E7CF-B959-4C13-B421-722F1623562D-768x512.jpeg 768w, https:\/\/www.fingerverk.se\/fingerverk\/wp-content\/uploads\/2025\/08\/01E2E7CF-B959-4C13-B421-722F1623562D-1536x1024.jpeg 1536w, https:\/\/www.fingerverk.se\/fingerverk\/wp-content\/uploads\/2025\/08\/01E2E7CF-B959-4C13-B421-722F1623562D-2048x1365.jpeg 2048w, https:\/\/www.fingerverk.se\/fingerverk\/wp-content\/uploads\/2025\/08\/01E2E7CF-B959-4C13-B421-722F1623562D-480x320.jpeg 480w, https:\/\/www.fingerverk.se\/fingerverk\/wp-content\/uploads\/2025\/08\/01E2E7CF-B959-4C13-B421-722F1623562D-450x300.jpeg 450w\" sizes=\"(max-width: 2560px) 100vw, 2560px\" \/><\/a> <a href=\"https:\/\/www.fingerverk.se\/fingerverk\/wp-content\/uploads\/2025\/08\/24C2ED6C-9A95-441F-9ED4-43E75781125F-scaled.jpeg\"><img loading=\"lazy\" decoding=\"async\" class=\"alignnone size-full wp-image-3951\" src=\"https:\/\/www.fingerverk.se\/fingerverk\/wp-content\/uploads\/2025\/08\/24C2ED6C-9A95-441F-9ED4-43E75781125F-scaled.jpeg\" alt=\"\" width=\"2560\" height=\"1707\" srcset=\"https:\/\/www.fingerverk.se\/fingerverk\/wp-content\/uploads\/2025\/08\/24C2ED6C-9A95-441F-9ED4-43E75781125F-scaled.jpeg 2560w, https:\/\/www.fingerverk.se\/fingerverk\/wp-content\/uploads\/2025\/08\/24C2ED6C-9A95-441F-9ED4-43E75781125F-300x200.jpeg 300w, https:\/\/www.fingerverk.se\/fingerverk\/wp-content\/uploads\/2025\/08\/24C2ED6C-9A95-441F-9ED4-43E75781125F-1024x683.jpeg 1024w, https:\/\/www.fingerverk.se\/fingerverk\/wp-content\/uploads\/2025\/08\/24C2ED6C-9A95-441F-9ED4-43E75781125F-768x512.jpeg 768w, https:\/\/www.fingerverk.se\/fingerverk\/wp-content\/uploads\/2025\/08\/24C2ED6C-9A95-441F-9ED4-43E75781125F-1536x1024.jpeg 1536w, https:\/\/www.fingerverk.se\/fingerverk\/wp-content\/uploads\/2025\/08\/24C2ED6C-9A95-441F-9ED4-43E75781125F-2048x1365.jpeg 2048w, https:\/\/www.fingerverk.se\/fingerverk\/wp-content\/uploads\/2025\/08\/24C2ED6C-9A95-441F-9ED4-43E75781125F-480x320.jpeg 480w, https:\/\/www.fingerverk.se\/fingerverk\/wp-content\/uploads\/2025\/08\/24C2ED6C-9A95-441F-9ED4-43E75781125F-450x300.jpeg 450w\" sizes=\"(max-width: 2560px) 100vw, 2560px\" \/><\/a> <a href=\"https:\/\/www.fingerverk.se\/fingerverk\/wp-content\/uploads\/2025\/08\/27ACF9F7-07E9-4B94-A4F9-D036501758E6-scaled.jpeg\"><img loading=\"lazy\" decoding=\"async\" class=\"alignnone size-full wp-image-3952\" src=\"https:\/\/www.fingerverk.se\/fingerverk\/wp-content\/uploads\/2025\/08\/27ACF9F7-07E9-4B94-A4F9-D036501758E6-scaled.jpeg\" alt=\"\" width=\"2560\" height=\"1707\" srcset=\"https:\/\/www.fingerverk.se\/fingerverk\/wp-content\/uploads\/2025\/08\/27ACF9F7-07E9-4B94-A4F9-D036501758E6-scaled.jpeg 2560w, https:\/\/www.fingerverk.se\/fingerverk\/wp-content\/uploads\/2025\/08\/27ACF9F7-07E9-4B94-A4F9-D036501758E6-300x200.jpeg 300w, https:\/\/www.fingerverk.se\/fingerverk\/wp-content\/uploads\/2025\/08\/27ACF9F7-07E9-4B94-A4F9-D036501758E6-1024x683.jpeg 1024w, https:\/\/www.fingerverk.se\/fingerverk\/wp-content\/uploads\/2025\/08\/27ACF9F7-07E9-4B94-A4F9-D036501758E6-768x512.jpeg 768w, https:\/\/www.fingerverk.se\/fingerverk\/wp-content\/uploads\/2025\/08\/27ACF9F7-07E9-4B94-A4F9-D036501758E6-1536x1024.jpeg 1536w, https:\/\/www.fingerverk.se\/fingerverk\/wp-content\/uploads\/2025\/08\/27ACF9F7-07E9-4B94-A4F9-D036501758E6-2048x1365.jpeg 2048w, https:\/\/www.fingerverk.se\/fingerverk\/wp-content\/uploads\/2025\/08\/27ACF9F7-07E9-4B94-A4F9-D036501758E6-480x320.jpeg 480w, https:\/\/www.fingerverk.se\/fingerverk\/wp-content\/uploads\/2025\/08\/27ACF9F7-07E9-4B94-A4F9-D036501758E6-450x300.jpeg 450w\" sizes=\"(max-width: 2560px) 100vw, 2560px\" \/><\/a> <a href=\"https:\/\/www.fingerverk.se\/fingerverk\/wp-content\/uploads\/2025\/08\/2173972F-1878-4A4A-B1C4-101821BA78F8-scaled.jpeg\"><img loading=\"lazy\" decoding=\"async\" class=\"alignnone size-full wp-image-3953\" src=\"https:\/\/www.fingerverk.se\/fingerverk\/wp-content\/uploads\/2025\/08\/2173972F-1878-4A4A-B1C4-101821BA78F8-scaled.jpeg\" alt=\"\" width=\"2560\" height=\"1707\" srcset=\"https:\/\/www.fingerverk.se\/fingerverk\/wp-content\/uploads\/2025\/08\/2173972F-1878-4A4A-B1C4-101821BA78F8-scaled.jpeg 2560w, https:\/\/www.fingerverk.se\/fingerverk\/wp-content\/uploads\/2025\/08\/2173972F-1878-4A4A-B1C4-101821BA78F8-300x200.jpeg 300w, https:\/\/www.fingerverk.se\/fingerverk\/wp-content\/uploads\/2025\/08\/2173972F-1878-4A4A-B1C4-101821BA78F8-1024x683.jpeg 1024w, https:\/\/www.fingerverk.se\/fingerverk\/wp-content\/uploads\/2025\/08\/2173972F-1878-4A4A-B1C4-101821BA78F8-768x512.jpeg 768w, https:\/\/www.fingerverk.se\/fingerverk\/wp-content\/uploads\/2025\/08\/2173972F-1878-4A4A-B1C4-101821BA78F8-1536x1024.jpeg 1536w, https:\/\/www.fingerverk.se\/fingerverk\/wp-content\/uploads\/2025\/08\/2173972F-1878-4A4A-B1C4-101821BA78F8-2048x1365.jpeg 2048w, https:\/\/www.fingerverk.se\/fingerverk\/wp-content\/uploads\/2025\/08\/2173972F-1878-4A4A-B1C4-101821BA78F8-480x320.jpeg 480w, https:\/\/www.fingerverk.se\/fingerverk\/wp-content\/uploads\/2025\/08\/2173972F-1878-4A4A-B1C4-101821BA78F8-450x300.jpeg 450w\" sizes=\"(max-width: 2560px) 100vw, 2560px\" \/><\/a> <a href=\"https:\/\/www.fingerverk.se\/fingerverk\/wp-content\/uploads\/2025\/08\/A85A1E5C-4C81-4780-A721-24BC6C069E86-scaled.jpeg\"><img loading=\"lazy\" decoding=\"async\" class=\"alignnone size-full wp-image-3954\" src=\"https:\/\/www.fingerverk.se\/fingerverk\/wp-content\/uploads\/2025\/08\/A85A1E5C-4C81-4780-A721-24BC6C069E86-scaled.jpeg\" alt=\"\" width=\"2560\" height=\"1707\" srcset=\"https:\/\/www.fingerverk.se\/fingerverk\/wp-content\/uploads\/2025\/08\/A85A1E5C-4C81-4780-A721-24BC6C069E86-scaled.jpeg 2560w, https:\/\/www.fingerverk.se\/fingerverk\/wp-content\/uploads\/2025\/08\/A85A1E5C-4C81-4780-A721-24BC6C069E86-300x200.jpeg 300w, https:\/\/www.fingerverk.se\/fingerverk\/wp-content\/uploads\/2025\/08\/A85A1E5C-4C81-4780-A721-24BC6C069E86-1024x683.jpeg 1024w, https:\/\/www.fingerverk.se\/fingerverk\/wp-content\/uploads\/2025\/08\/A85A1E5C-4C81-4780-A721-24BC6C069E86-768x512.jpeg 768w, https:\/\/www.fingerverk.se\/fingerverk\/wp-content\/uploads\/2025\/08\/A85A1E5C-4C81-4780-A721-24BC6C069E86-1536x1024.jpeg 1536w, https:\/\/www.fingerverk.se\/fingerverk\/wp-content\/uploads\/2025\/08\/A85A1E5C-4C81-4780-A721-24BC6C069E86-2048x1365.jpeg 2048w, https:\/\/www.fingerverk.se\/fingerverk\/wp-content\/uploads\/2025\/08\/A85A1E5C-4C81-4780-A721-24BC6C069E86-480x320.jpeg 480w, https:\/\/www.fingerverk.se\/fingerverk\/wp-content\/uploads\/2025\/08\/A85A1E5C-4C81-4780-A721-24BC6C069E86-450x300.jpeg 450w\" sizes=\"(max-width: 2560px) 100vw, 2560px\" \/><\/a><\/p>\n<p><a href=\"https:\/\/www.fingerverk.se\/fingerverk\/wp-content\/uploads\/2025\/08\/5B42FB68-9F53-42C6-8CB6-D5F3393D72E6-scaled.jpeg\"><img loading=\"lazy\" decoding=\"async\" class=\"alignnone size-full wp-image-3955\" src=\"https:\/\/www.fingerverk.se\/fingerverk\/wp-content\/uploads\/2025\/08\/5B42FB68-9F53-42C6-8CB6-D5F3393D72E6-scaled.jpeg\" alt=\"\" width=\"2560\" height=\"1707\" srcset=\"https:\/\/www.fingerverk.se\/fingerverk\/wp-content\/uploads\/2025\/08\/5B42FB68-9F53-42C6-8CB6-D5F3393D72E6-scaled.jpeg 2560w, https:\/\/www.fingerverk.se\/fingerverk\/wp-content\/uploads\/2025\/08\/5B42FB68-9F53-42C6-8CB6-D5F3393D72E6-300x200.jpeg 300w, https:\/\/www.fingerverk.se\/fingerverk\/wp-content\/uploads\/2025\/08\/5B42FB68-9F53-42C6-8CB6-D5F3393D72E6-1024x683.jpeg 1024w, https:\/\/www.fingerverk.se\/fingerverk\/wp-content\/uploads\/2025\/08\/5B42FB68-9F53-42C6-8CB6-D5F3393D72E6-768x512.jpeg 768w, https:\/\/www.fingerverk.se\/fingerverk\/wp-content\/uploads\/2025\/08\/5B42FB68-9F53-42C6-8CB6-D5F3393D72E6-1536x1024.jpeg 1536w, https:\/\/www.fingerverk.se\/fingerverk\/wp-content\/uploads\/2025\/08\/5B42FB68-9F53-42C6-8CB6-D5F3393D72E6-2048x1365.jpeg 2048w, https:\/\/www.fingerverk.se\/fingerverk\/wp-content\/uploads\/2025\/08\/5B42FB68-9F53-42C6-8CB6-D5F3393D72E6-480x320.jpeg 480w, https:\/\/www.fingerverk.se\/fingerverk\/wp-content\/uploads\/2025\/08\/5B42FB68-9F53-42C6-8CB6-D5F3393D72E6-450x300.jpeg 450w\" sizes=\"(max-width: 2560px) 100vw, 2560px\" \/><\/a><\/p>\n<p>Fotograf bild 8-9: Joel Norberg.<\/p>\n<p><a href=\"https:\/\/www.fingerverk.se\/fingerverk\/wp-content\/uploads\/2025\/03\/20231016_180849_3B9FBB.jpeg\"><img loading=\"lazy\" decoding=\"async\" class=\"alignnone size-full wp-image-3891\" src=\"https:\/\/www.fingerverk.se\/fingerverk\/wp-content\/uploads\/2025\/03\/20231016_180849_3B9FBB.jpeg\" alt=\"\" width=\"1538\" height=\"2048\" srcset=\"https:\/\/www.fingerverk.se\/fingerverk\/wp-content\/uploads\/2025\/03\/20231016_180849_3B9FBB.jpeg 1538w, https:\/\/www.fingerverk.se\/fingerverk\/wp-content\/uploads\/2025\/03\/20231016_180849_3B9FBB-225x300.jpeg 225w, https:\/\/www.fingerverk.se\/fingerverk\/wp-content\/uploads\/2025\/03\/20231016_180849_3B9FBB-769x1024.jpeg 769w, https:\/\/www.fingerverk.se\/fingerverk\/wp-content\/uploads\/2025\/03\/20231016_180849_3B9FBB-768x1023.jpeg 768w, https:\/\/www.fingerverk.se\/fingerverk\/wp-content\/uploads\/2025\/03\/20231016_180849_3B9FBB-1154x1536.jpeg 1154w\" sizes=\"(max-width: 1538px) 100vw, 1538px\" \/><\/a> <a href=\"https:\/\/www.fingerverk.se\/fingerverk\/wp-content\/uploads\/2025\/03\/20231016_181858_B3D5F5.jpg\"><img loading=\"lazy\" decoding=\"async\" class=\"alignnone size-full wp-image-3892\" src=\"https:\/\/www.fingerverk.se\/fingerverk\/wp-content\/uploads\/2025\/03\/20231016_181858_B3D5F5.jpg\" alt=\"\" width=\"1538\" height=\"2048\" srcset=\"https:\/\/www.fingerverk.se\/fingerverk\/wp-content\/uploads\/2025\/03\/20231016_181858_B3D5F5.jpg 1538w, https:\/\/www.fingerverk.se\/fingerverk\/wp-content\/uploads\/2025\/03\/20231016_181858_B3D5F5-225x300.jpg 225w, https:\/\/www.fingerverk.se\/fingerverk\/wp-content\/uploads\/2025\/03\/20231016_181858_B3D5F5-769x1024.jpg 769w, https:\/\/www.fingerverk.se\/fingerverk\/wp-content\/uploads\/2025\/03\/20231016_181858_B3D5F5-768x1023.jpg 768w, https:\/\/www.fingerverk.se\/fingerverk\/wp-content\/uploads\/2025\/03\/20231016_181858_B3D5F5-1154x1536.jpg 1154w\" sizes=\"(max-width: 1538px) 100vw, 1538px\" \/><\/a><\/p>\n<p>Illustrat\u00f6r bild 10: Carolina Magdalena. Akvarell.<\/p>\n<p><a href=\"https:\/\/www.fingerverk.se\/fingerverk\/wp-content\/uploads\/2025\/03\/karlekvrede-scaled.jpeg\"><img loading=\"lazy\" decoding=\"async\" class=\"alignnone size-full wp-image-3893\" src=\"https:\/\/www.fingerverk.se\/fingerverk\/wp-content\/uploads\/2025\/03\/karlekvrede-scaled.jpeg\" alt=\"\" width=\"2560\" height=\"2548\" srcset=\"https:\/\/www.fingerverk.se\/fingerverk\/wp-content\/uploads\/2025\/03\/karlekvrede-scaled.jpeg 2560w, https:\/\/www.fingerverk.se\/fingerverk\/wp-content\/uploads\/2025\/03\/karlekvrede-300x300.jpeg 300w, https:\/\/www.fingerverk.se\/fingerverk\/wp-content\/uploads\/2025\/03\/karlekvrede-1024x1019.jpeg 1024w, https:\/\/www.fingerverk.se\/fingerverk\/wp-content\/uploads\/2025\/03\/karlekvrede-150x150.jpeg 150w, https:\/\/www.fingerverk.se\/fingerverk\/wp-content\/uploads\/2025\/03\/karlekvrede-768x764.jpeg 768w, https:\/\/www.fingerverk.se\/fingerverk\/wp-content\/uploads\/2025\/03\/karlekvrede-1536x1529.jpeg 1536w, https:\/\/www.fingerverk.se\/fingerverk\/wp-content\/uploads\/2025\/03\/karlekvrede-2048x2039.jpeg 2048w, https:\/\/www.fingerverk.se\/fingerverk\/wp-content\/uploads\/2025\/03\/karlekvrede-301x300.jpeg 301w\" sizes=\"(max-width: 2560px) 100vw, 2560px\" \/><\/a><\/p>\n<p>Bild 10: Med Ida Hammarb\u00e4ck (cajon, s\u00e5ng), Joel Norberg (trumpet, bas), Oskar Bj\u00f6rkman (piano, s\u00e5ng), Erik Hector (dragspel). Fotograf: Ida Hammarb\u00e4ck<\/p>\n<p><a href=\"https:\/\/www.fingerverk.se\/fingerverk\/wp-content\/uploads\/2025\/03\/DSC01855-scaled.jpg\"><img loading=\"lazy\" decoding=\"async\" class=\"alignnone size-full wp-image-3895\" src=\"https:\/\/www.fingerverk.se\/fingerverk\/wp-content\/uploads\/2025\/03\/DSC01855-scaled.jpg\" alt=\"\" width=\"2560\" height=\"1707\" srcset=\"https:\/\/www.fingerverk.se\/fingerverk\/wp-content\/uploads\/2025\/03\/DSC01855-scaled.jpg 2560w, https:\/\/www.fingerverk.se\/fingerverk\/wp-content\/uploads\/2025\/03\/DSC01855-300x200.jpg 300w, https:\/\/www.fingerverk.se\/fingerverk\/wp-content\/uploads\/2025\/03\/DSC01855-1024x683.jpg 1024w, https:\/\/www.fingerverk.se\/fingerverk\/wp-content\/uploads\/2025\/03\/DSC01855-768x512.jpg 768w, https:\/\/www.fingerverk.se\/fingerverk\/wp-content\/uploads\/2025\/03\/DSC01855-1536x1024.jpg 1536w, https:\/\/www.fingerverk.se\/fingerverk\/wp-content\/uploads\/2025\/03\/DSC01855-2048x1365.jpg 2048w, https:\/\/www.fingerverk.se\/fingerverk\/wp-content\/uploads\/2025\/03\/DSC01855-480x320.jpg 480w, https:\/\/www.fingerverk.se\/fingerverk\/wp-content\/uploads\/2025\/03\/DSC01855-450x300.jpg 450w\" sizes=\"(max-width: 2560px) 100vw, 2560px\" \/><\/a><\/p>\n","protected":false},"excerpt":{"rendered":"<p>Livemusik Tillsammans med sina musiker tar den v\u00e4rml\u00e4ndska l\u00e5tskrivaren och s\u00e5ngerskan Carolina Magdalena med publiken in i gr\u00e4nslandet mellan folkmusik, pop, visa och jazz. H\u00e4r finns klimatet, l\u00e4ngtan och k\u00e4rleken st\u00e4ndigt n\u00e4rvarande, liksom sorgen och det kollektiva motst\u00e5ndet. Ackompanjerad av bland annat improvisatoriskt trumpetspel och innerliga dragspelstoner sjunger Carolina Magdalena texterna som vill f\u00f6r\u00e4ndra v\u00e4rlden.\u00a0&hellip; <a class=\"more-link\" href=\"https:\/\/www.fingerverk.se\/fingerverk\/press\/\">L\u00e4s mer <span class=\"screen-reader-text\">Press<\/span><\/a><\/p>\n","protected":false},"author":1,"featured_media":0,"parent":0,"menu_order":0,"comment_status":"closed","ping_status":"closed","template":"","meta":{"footnotes":""},"class_list":["post-3890","page","type-page","status-publish","hentry"],"_links":{"self":[{"href":"https:\/\/www.fingerverk.se\/fingerverk\/wp-json\/wp\/v2\/pages\/3890"}],"collection":[{"href":"https:\/\/www.fingerverk.se\/fingerverk\/wp-json\/wp\/v2\/pages"}],"about":[{"href":"https:\/\/www.fingerverk.se\/fingerverk\/wp-json\/wp\/v2\/types\/page"}],"author":[{"embeddable":true,"href":"https:\/\/www.fingerverk.se\/fingerverk\/wp-json\/wp\/v2\/users\/1"}],"replies":[{"embeddable":true,"href":"https:\/\/www.fingerverk.se\/fingerverk\/wp-json\/wp\/v2\/comments?post=3890"}],"version-history":[{"count":6,"href":"https:\/\/www.fingerverk.se\/fingerverk\/wp-json\/wp\/v2\/pages\/3890\/revisions"}],"predecessor-version":[{"id":3942,"href":"https:\/\/www.fingerverk.se\/fingerverk\/wp-json\/wp\/v2\/pages\/3890\/revisions\/3942"}],"wp:attachment":[{"href":"https:\/\/www.fingerverk.se\/fingerverk\/wp-json\/wp\/v2\/media?parent=3890"}],"curies":[{"name":"wp","href":"https:\/\/api.w.org\/{rel}","templated":true}]}}